{"id":19,"date":"2023-11-27T19:07:18","date_gmt":"2023-11-27T18:07:18","guid":{"rendered":"http:\/\/kamilklejna.pl\/?page_id=19"},"modified":"2025-07-10T15:32:43","modified_gmt":"2025-07-10T13:32:43","slug":"o-mnie","status":"publish","type":"page","link":"https:\/\/kamilklejna.pl\/?page_id=19","title":{"rendered":"O mnie"},"content":{"rendered":"\n<div class=\"wp-block-media-text alignwide is-stacked-on-mobile has-cyan-bluish-gray-background-color has-background\"><figure class=\"wp-block-media-text__media\"><img loading=\"lazy\" decoding=\"async\" width=\"1024\" height=\"683\" src=\"https:\/\/kamilklejna.pl\/wp-content\/uploads\/2025\/07\/29563ed9-dc05-487d-a1d1-a22ed1bc22c2-1024x683.png\" alt=\"\" class=\"wp-image-348 size-full\" srcset=\"https:\/\/kamilklejna.pl\/wp-content\/uploads\/2025\/07\/29563ed9-dc05-487d-a1d1-a22ed1bc22c2-1024x683.png 1024w, https:\/\/kamilklejna.pl\/wp-content\/uploads\/2025\/07\/29563ed9-dc05-487d-a1d1-a22ed1bc22c2-300x200.png 300w, https:\/\/kamilklejna.pl\/wp-content\/uploads\/2025\/07\/29563ed9-dc05-487d-a1d1-a22ed1bc22c2-768x512.png 768w, https:\/\/kamilklejna.pl\/wp-content\/uploads\/2025\/07\/29563ed9-dc05-487d-a1d1-a22ed1bc22c2.png 1536w\" sizes=\"auto, (max-width: 1024px) 100vw, 1024px\" \/><\/figure><div class=\"wp-block-media-text__content\">\n<p>Transformacja energetyczna to nie tylko has\u0142o \u2013 to m\u00f3j kierunek dzia\u0142ania, rozw\u00f3j i codzienna praca. Przez ponad dekad\u0119 by\u0142em zwi\u0105zany z bran\u017c\u0105 g\u00f3rnictwa naftowego i energetyki, gdzie budowa\u0142em swoje do\u015bwiadczenie i rozumienie tego, jak naprawd\u0119 dzia\u0142a sektor energii od \u015brodka.<\/p>\n<\/div><\/div>\n\n\n\n<p class=\"has-text-align-left\">Przez pi\u0119\u0107 lat mia\u0142em zaszczyt reprezentowa\u0107 Polsk\u0119 w strukturach World Petroleum Council, organizacji z ponad 90-letni\u0105 histori\u0105. To w\u0142a\u015bnie tam, obserwuj\u0105c jak WPC przekszta\u0142ca si\u0119 w WPC Energy, zrozumia\u0142em, \u017ce nawet najbardziej ugruntowane instytucje potrafi\u0105 si\u0119 zmienia\u0107. I ja r\u00f3wnie\u017c przeszed\u0142em t\u0119 drog\u0119 \u2013 z klasycznego sektora paliw kopalnych do aktywnego udzia\u0142u w projektach zwi\u0105zanych z OZE: od geotermii, przez fotowoltaik\u0119 i wiatr, a\u017c po wod\u00f3r i biometan. To w\u0142a\u015bnie ten ostatni szczeg\u00f3lnie mnie wci\u0105gn\u0105\u0142 \u2013 jego potencja\u0142 dla Polski jest ogromny, a jego rozw\u00f3j po prostu ma sens.<\/p>\n\n\n\n<p class=\"has-text-align-left\">Zainteresowanie nowymi technologiami towarzyszy mi od studi\u00f3w \u2013 ponad dekad\u0119 temu zajmowa\u0142em si\u0119 sztuczn\u0105 inteligencj\u0105, zanim sta\u0142a si\u0119 tak powszechna jak dzi\u015b. Po\u0142\u0105czy\u0142em j\u0105 z finansami i geologi\u0105, co naturalnie skierowa\u0142o mnie do oceny projekt\u00f3w g\u00f3rniczych w PGNiG \u2013 od tych najwi\u0119kszych, si\u0119gaj\u0105cych 4 miliard\u00f3w z\u0142otych, po najbardziej innowacyjne inwestycje z obszaru OZE.<\/p>\n\n\n\n<p class=\"has-text-align-left\">Zainteresowanie nowymi technologiami towarzyszy mi od studi\u00f3w \u2013 ponad dekad\u0119 temu zajmowa\u0142em si\u0119 sztuczn\u0105 inteligencj\u0105, zanim sta\u0142a si\u0119 tak powszechna jak dzi\u015b. Po\u0142\u0105czy\u0142em j\u0105 z finansami i geologi\u0105, co naturalnie skierowa\u0142o mnie do oceny projekt\u00f3w g\u00f3rniczych w PGNiG \u2013 od tych najwi\u0119kszych, si\u0119gaj\u0105cych 4 miliard\u00f3w z\u0142otych, po najbardziej innowacyjne inwestycje z obszaru OZE.<\/p>\n\n\n\n<p class=\"has-text-align-left\">Biometan traktuj\u0119 jako przysz\u0142o\u015b\u0107 gazownictwa. W\u0142a\u015bnie dlatego pe\u0142ni\u0119 funkcj\u0119 Reprezentanta ds. Biometanu w SITPNIG i anga\u017cuj\u0119 si\u0119 w tworzenie rozwi\u0105za\u0144 wspieraj\u0105cych rozw\u00f3j sektora w ramach Porozumienia na rzecz biogazu i biometanu.<\/p>\n\n\n\n<p class=\"has-text-align-left\">Dzi\u015b chc\u0119 dociera\u0107 z wiedz\u0105 szerzej \u2013 dlatego tworz\u0119 podcast \u201e<em>Czas na zielony gaz<\/em>\u201d, w kt\u00f3rym rozmawiam z najlepszymi ekspertami o przysz\u0142o\u015bci energetyki. Na tym blogu dziel\u0119 si\u0119 przemy\u015bleniami, analizami i informacjami, kt\u00f3re \u2013 mam nadziej\u0119 \u2013 oka\u017c\u0105 si\u0119 pomocne i inspiruj\u0105ce dla tych, kt\u00f3rzy chc\u0105 zrozumie\u0107, co naprawd\u0119 dzieje si\u0119 w energetyce.<\/p>\n\n\n\n<div class=\"wp-block-columns is-layout-flex wp-container-core-columns-is-layout-28f84493 wp-block-columns-is-layout-flex\">\n<div class=\"wp-block-column is-layout-flow wp-block-column-is-layout-flow\">\n<p><strong>Obserwuj mnie:<\/strong><\/p>\n<\/div>\n\n\n\n<div class=\"wp-block-column is-layout-flow wp-block-column-is-layout-flow\">\n<ul class=\"wp-block-social-links is-layout-flex wp-block-social-links-is-layout-flex\"><li class=\"wp-social-link wp-social-link-linkedin  wp-block-social-link\"><a href=\"https:\/\/www.linkedin.com\/in\/kamil-klejna-99752878\/\" class=\"wp-block-social-link-anchor\"><svg width=\"24\" height=\"24\" viewBox=\"0 0 24 24\" version=\"1.1\" xmlns=\"http:\/\/www.w3.org\/2000\/svg\" aria-hidden=\"true\" focusable=\"false\"><path d=\"M19.7,3H4.3C3.582,3,3,3.582,3,4.3v15.4C3,20.418,3.582,21,4.3,21h15.4c0.718,0,1.3-0.582,1.3-1.3V4.3 C21,3.582,20.418,3,19.7,3z M8.339,18.338H5.667v-8.59h2.672V18.338z M7.004,8.574c-0.857,0-1.549-0.694-1.549-1.548 c0-0.855,0.691-1.548,1.549-1.548c0.854,0,1.547,0.694,1.547,1.548C8.551,7.881,7.858,8.574,7.004,8.574z M18.339,18.338h-2.669 v-4.177c0-0.996-0.017-2.278-1.387-2.278c-1.389,0-1.601,1.086-1.601,2.206v4.249h-2.667v-8.59h2.559v1.174h0.037 c0.356-0.675,1.227-1.387,2.526-1.387c2.703,0,3.203,1.779,3.203,4.092V18.338z\"><\/path><\/svg><span class=\"wp-block-social-link-label screen-reader-text\">LinkedIn<\/span><\/a><\/li><\/ul>\n<\/div>\n<\/div>\n\n\n\n<div class=\"wp-block-columns is-layout-flex wp-container-core-columns-is-layout-28f84493 wp-block-columns-is-layout-flex\">\n<div class=\"wp-block-column is-vertically-aligned-center is-layout-flow wp-block-column-is-layout-flow\">\n<p><strong>Masz wi\u0119cej pyta\u0144?<\/strong><\/p>\n<\/div>\n\n\n\n<div class=\"wp-block-column is-layout-flow wp-block-column-is-layout-flow\">\n<div class=\"wp-block-buttons is-layout-flex wp-block-buttons-is-layout-flex\">\n<div class=\"wp-block-button\"><a class=\"wp-block-button__link wp-element-button\" href=\"http:\/\/kamilklejna.pl\/?page_id=29\">Skontaktuj si\u0119 ze mn\u0105 -&gt;<\/a><\/div>\n<\/div>\n<\/div>\n<\/div>\n","protected":false},"excerpt":{"rendered":"<p>Transformacja energetyczna to nie tylko has\u0142o \u2013 to m\u00f3j kierunek dzia\u0142ania, rozw\u00f3j i codzienna praca. Przez ponad dekad\u0119 by\u0142em zwi\u0105zany z bran\u017c\u0105 g\u00f3rnictwa naftowego i energetyki, gdzie budowa\u0142em swoje do\u015bwiadczenie i rozumienie tego, jak naprawd\u0119 dzia\u0142a sektor energii od \u015brodka. Przez pi\u0119\u0107 lat mia\u0142em zaszczyt reprezentowa\u0107 Polsk\u0119 w strukturach World Petroleum Council, organizacji z ponad [&hellip;]<\/p>\n","protected":false},"author":1,"featured_media":0,"parent":0,"menu_order":0,"comment_status":"closed","ping_status":"closed","template":"","meta":{"_monsterinsights_skip_tracking":false,"_monsterinsights_sitenote_active":false,"_monsterinsights_sitenote_note":"","_monsterinsights_sitenote_category":0,"footnotes":""},"class_list":["post-19","page","type-page","status-publish","hentry"],"yoast_head":"<!-- This site is optimized with the Yoast SEO plugin v27.4 - https:\/\/yoast.com\/product\/yoast-seo-wordpress\/ -->\n<title>O mnie - Kamil Klejna<\/title>\n<meta name=\"robots\" content=\"noindex, follow, max-snippet:-1, max-image-preview:large, max-video-preview:-1\" \/>\n<meta property=\"og:locale\" content=\"en_US\" \/>\n<meta property=\"og:type\" content=\"article\" \/>\n<meta property=\"og:title\" content=\"O mnie - Kamil Klejna\" \/>\n<meta property=\"og:description\" content=\"Transformacja energetyczna to nie tylko has\u0142o \u2013 to m\u00f3j kierunek dzia\u0142ania, rozw\u00f3j i codzienna praca. Przez ponad dekad\u0119 by\u0142em zwi\u0105zany z bran\u017c\u0105 g\u00f3rnictwa naftowego i energetyki, gdzie budowa\u0142em swoje do\u015bwiadczenie i rozumienie tego, jak naprawd\u0119 dzia\u0142a sektor energii od \u015brodka. Przez pi\u0119\u0107 lat mia\u0142em zaszczyt reprezentowa\u0107 Polsk\u0119 w strukturach World Petroleum Council, organizacji z ponad [&hellip;]\" \/>\n<meta property=\"og:url\" content=\"https:\/\/kamilklejna.pl\/?page_id=19\" \/>\n<meta property=\"og:site_name\" content=\"Kamil Klejna\" \/>\n<meta property=\"article:modified_time\" content=\"2025-07-10T13:32:43+00:00\" \/>\n<meta property=\"og:image\" content=\"https:\/\/kamilklejna.pl\/wp-content\/uploads\/2025\/07\/29563ed9-dc05-487d-a1d1-a22ed1bc22c2-1024x683.png\" \/>\n\t<meta property=\"og:image:width\" content=\"1024\" \/>\n\t<meta property=\"og:image:height\" content=\"683\" \/>\n\t<meta property=\"og:image:type\" content=\"image\/png\" \/>\n<meta name=\"twitter:card\" content=\"summary_large_image\" \/>\n<meta name=\"twitter:label1\" content=\"Est. reading time\" \/>\n\t<meta name=\"twitter:data1\" content=\"2 minutes\" \/>\n<script type=\"application\/ld+json\" class=\"yoast-schema-graph\">{\"@context\":\"https:\\\/\\\/schema.org\",\"@graph\":[{\"@type\":\"WebPage\",\"@id\":\"https:\\\/\\\/kamilklejna.pl\\\/?page_id=19\",\"url\":\"https:\\\/\\\/kamilklejna.pl\\\/?page_id=19\",\"name\":\"O mnie - Kamil Klejna\",\"isPartOf\":{\"@id\":\"https:\\\/\\\/kamilklejna.pl\\\/#website\"},\"primaryImageOfPage\":{\"@id\":\"https:\\\/\\\/kamilklejna.pl\\\/?page_id=19#primaryimage\"},\"image\":{\"@id\":\"https:\\\/\\\/kamilklejna.pl\\\/?page_id=19#primaryimage\"},\"thumbnailUrl\":\"https:\\\/\\\/kamilklejna.pl\\\/wp-content\\\/uploads\\\/2025\\\/07\\\/29563ed9-dc05-487d-a1d1-a22ed1bc22c2-1024x683.png\",\"datePublished\":\"2023-11-27T18:07:18+00:00\",\"dateModified\":\"2025-07-10T13:32:43+00:00\",\"breadcrumb\":{\"@id\":\"https:\\\/\\\/kamilklejna.pl\\\/?page_id=19#breadcrumb\"},\"inLanguage\":\"en-US\",\"potentialAction\":[{\"@type\":\"ReadAction\",\"target\":[\"https:\\\/\\\/kamilklejna.pl\\\/?page_id=19\"]}]},{\"@type\":\"ImageObject\",\"inLanguage\":\"en-US\",\"@id\":\"https:\\\/\\\/kamilklejna.pl\\\/?page_id=19#primaryimage\",\"url\":\"https:\\\/\\\/kamilklejna.pl\\\/wp-content\\\/uploads\\\/2025\\\/07\\\/29563ed9-dc05-487d-a1d1-a22ed1bc22c2.png\",\"contentUrl\":\"https:\\\/\\\/kamilklejna.pl\\\/wp-content\\\/uploads\\\/2025\\\/07\\\/29563ed9-dc05-487d-a1d1-a22ed1bc22c2.png\",\"width\":1536,\"height\":1024},{\"@type\":\"BreadcrumbList\",\"@id\":\"https:\\\/\\\/kamilklejna.pl\\\/?page_id=19#breadcrumb\",\"itemListElement\":[{\"@type\":\"ListItem\",\"position\":1,\"name\":\"Home\",\"item\":\"https:\\\/\\\/kamilklejna.pl\\\/\"},{\"@type\":\"ListItem\",\"position\":2,\"name\":\"O mnie\"}]},{\"@type\":\"WebSite\",\"@id\":\"https:\\\/\\\/kamilklejna.pl\\\/#website\",\"url\":\"https:\\\/\\\/kamilklejna.pl\\\/\",\"name\":\"Kamil Klejna\",\"description\":\"blog osobisty\",\"potentialAction\":[{\"@type\":\"SearchAction\",\"target\":{\"@type\":\"EntryPoint\",\"urlTemplate\":\"https:\\\/\\\/kamilklejna.pl\\\/?s={search_term_string}\"},\"query-input\":{\"@type\":\"PropertyValueSpecification\",\"valueRequired\":true,\"valueName\":\"search_term_string\"}}],\"inLanguage\":\"en-US\"}]}<\/script>\n<!-- \/ Yoast SEO plugin. -->","yoast_head_json":{"title":"O mnie - Kamil Klejna","robots":{"index":"noindex","follow":"follow","max-snippet":"max-snippet:-1","max-image-preview":"max-image-preview:large","max-video-preview":"max-video-preview:-1"},"og_locale":"en_US","og_type":"article","og_title":"O mnie - Kamil Klejna","og_description":"Transformacja energetyczna to nie tylko has\u0142o \u2013 to m\u00f3j kierunek dzia\u0142ania, rozw\u00f3j i codzienna praca. Przez ponad dekad\u0119 by\u0142em zwi\u0105zany z bran\u017c\u0105 g\u00f3rnictwa naftowego i energetyki, gdzie budowa\u0142em swoje do\u015bwiadczenie i rozumienie tego, jak naprawd\u0119 dzia\u0142a sektor energii od \u015brodka. Przez pi\u0119\u0107 lat mia\u0142em zaszczyt reprezentowa\u0107 Polsk\u0119 w strukturach World Petroleum Council, organizacji z ponad [&hellip;]","og_url":"https:\/\/kamilklejna.pl\/?page_id=19","og_site_name":"Kamil Klejna","article_modified_time":"2025-07-10T13:32:43+00:00","og_image":[{"width":1024,"height":683,"url":"https:\/\/kamilklejna.pl\/wp-content\/uploads\/2025\/07\/29563ed9-dc05-487d-a1d1-a22ed1bc22c2-1024x683.png","type":"image\/png"}],"twitter_card":"summary_large_image","twitter_misc":{"Est. reading time":"2 minutes"},"schema":{"@context":"https:\/\/schema.org","@graph":[{"@type":"WebPage","@id":"https:\/\/kamilklejna.pl\/?page_id=19","url":"https:\/\/kamilklejna.pl\/?page_id=19","name":"O mnie - Kamil Klejna","isPartOf":{"@id":"https:\/\/kamilklejna.pl\/#website"},"primaryImageOfPage":{"@id":"https:\/\/kamilklejna.pl\/?page_id=19#primaryimage"},"image":{"@id":"https:\/\/kamilklejna.pl\/?page_id=19#primaryimage"},"thumbnailUrl":"https:\/\/kamilklejna.pl\/wp-content\/uploads\/2025\/07\/29563ed9-dc05-487d-a1d1-a22ed1bc22c2-1024x683.png","datePublished":"2023-11-27T18:07:18+00:00","dateModified":"2025-07-10T13:32:43+00:00","breadcrumb":{"@id":"https:\/\/kamilklejna.pl\/?page_id=19#breadcrumb"},"inLanguage":"en-US","potentialAction":[{"@type":"ReadAction","target":["https:\/\/kamilklejna.pl\/?page_id=19"]}]},{"@type":"ImageObject","inLanguage":"en-US","@id":"https:\/\/kamilklejna.pl\/?page_id=19#primaryimage","url":"https:\/\/kamilklejna.pl\/wp-content\/uploads\/2025\/07\/29563ed9-dc05-487d-a1d1-a22ed1bc22c2.png","contentUrl":"https:\/\/kamilklejna.pl\/wp-content\/uploads\/2025\/07\/29563ed9-dc05-487d-a1d1-a22ed1bc22c2.png","width":1536,"height":1024},{"@type":"BreadcrumbList","@id":"https:\/\/kamilklejna.pl\/?page_id=19#breadcrumb","itemListElement":[{"@type":"ListItem","position":1,"name":"Home","item":"https:\/\/kamilklejna.pl\/"},{"@type":"ListItem","position":2,"name":"O mnie"}]},{"@type":"WebSite","@id":"https:\/\/kamilklejna.pl\/#website","url":"https:\/\/kamilklejna.pl\/","name":"Kamil Klejna","description":"blog osobisty","potentialAction":[{"@type":"SearchAction","target":{"@type":"EntryPoint","urlTemplate":"https:\/\/kamilklejna.pl\/?s={search_term_string}"},"query-input":{"@type":"PropertyValueSpecification","valueRequired":true,"valueName":"search_term_string"}}],"inLanguage":"en-US"}]}},"_links":{"self":[{"href":"https:\/\/kamilklejna.pl\/index.php?rest_route=\/wp\/v2\/pages\/19","targetHints":{"allow":["GET"]}}],"collection":[{"href":"https:\/\/kamilklejna.pl\/index.php?rest_route=\/wp\/v2\/pages"}],"about":[{"href":"https:\/\/kamilklejna.pl\/index.php?rest_route=\/wp\/v2\/types\/page"}],"author":[{"embeddable":true,"href":"https:\/\/kamilklejna.pl\/index.php?rest_route=\/wp\/v2\/users\/1"}],"replies":[{"embeddable":true,"href":"https:\/\/kamilklejna.pl\/index.php?rest_route=%2Fwp%2Fv2%2Fcomments&post=19"}],"version-history":[{"count":30,"href":"https:\/\/kamilklejna.pl\/index.php?rest_route=\/wp\/v2\/pages\/19\/revisions"}],"predecessor-version":[{"id":349,"href":"https:\/\/kamilklejna.pl\/index.php?rest_route=\/wp\/v2\/pages\/19\/revisions\/349"}],"wp:attachment":[{"href":"https:\/\/kamilklejna.pl\/index.php?rest_route=%2Fwp%2Fv2%2Fmedia&parent=19"}],"curies":[{"name":"wp","href":"https:\/\/api.w.org\/{rel}","templated":true}]}}